{"id":18,"date":"2024-10-12T11:04:29","date_gmt":"2024-10-12T11:04:29","guid":{"rendered":"https:\/\/actioomsorg.no\/index.php\/contact-page\/"},"modified":"2025-10-12T11:08:55","modified_gmt":"2025-10-12T11:08:55","slug":"kontakt","status":"publish","type":"page","link":"https:\/\/actioomsorg.no\/index.php\/kontakt\/","title":{"rendered":"Kontaktside"},"content":{"rendered":"\n<div class=\"wp-block-group alignfull has-raft-bg-alt-background-color has-background is-layout-constrained wp-container-core-group-is-layout-ca21e7af wp-block-group-is-layout-constrained\" style=\"margin-top:0;margin-bottom:0;padding-top:var(--wp--preset--spacing--80);padding-right:var(--wp--preset--spacing--40);padding-bottom:var(--wp--preset--spacing--80);padding-left:var(--wp--preset--spacing--40)\">\n<h1 class=\"wp-block-heading alignwide has-text-align-center\">Kontakt oss<\/h1>\n<\/div>\n\n\n\n<p class=\"has-text-align-center\">S\u00e5 hyggelig at du vil komme i kontakt med oss!<br><br>Uansett om du \u00f8nsker et uforpliktende tilbud p\u00e5 v\u00e5re tjenester, \u00f8nsker vite mer om oss eller trenger \u00e5 dr\u00f8fte en spesifikk problemstilling kan du benytte deg <br>av kontaktskjemaet nedenfor eller sende oss en mail til <strong>hei@actioomsorg.no<\/strong> eller ringe oss p\u00e5 <strong>telefon 755 79 090<\/strong>.<\/p>\n\n\n\n<div class=\"wp-block-group alignfull is-layout-constrained wp-container-core-group-is-layout-cbbad384 wp-block-group-is-layout-constrained\" style=\"margin-top:0px;margin-bottom:0px;padding-top:var(--wp--preset--spacing--80);padding-right:var(--wp--preset--spacing--40);padding-bottom:var(--wp--preset--spacing--80);padding-left:var(--wp--preset--spacing--40)\">\n<div class=\"wp-block-group alignwide is-layout-flow wp-container-core-group-is-layout-08d096aa wp-block-group-is-layout-flow\">\n<div class=\"wp-block-group is-layout-constrained wp-block-group-is-layout-constrained\">\n<div id=\"wp-block-themeisle-blocks-form-1d65316a\" class=\"wp-block-themeisle-blocks-form\" data-option-name=\"bf9b28ff82ce323187abc5d0feb0d8f07ecd8436_1d65316a\"><form class=\"otter-form__container\">\n\n<div id=\"wp-block-themeisle-blocks-form-input-0e6e8ce9\" class=\"wp-block-themeisle-blocks-form-input\"><label for=\"wp-block-themeisle-blocks-form-input-0e6e8ce9-input\" class=\"otter-form-input-label\"><span class=\"otter-form-input-label__label\">Navn<\/span><span class=\"required\">*<\/span><\/label><input type=\"text\" id=\"wp-block-themeisle-blocks-form-input-0e6e8ce9-input\" required class=\"otter-form-input\"\/><\/div>\n\n\n<div id=\"wp-block-themeisle-blocks-form-input-1600a4fd\" class=\"wp-block-themeisle-blocks-form-input\"><label for=\"wp-block-themeisle-blocks-form-input-1600a4fd-input\" class=\"otter-form-input-label\"><span class=\"otter-form-input-label__label\">E-post<\/span><span class=\"required\">*<\/span><\/label><input type=\"email\" id=\"wp-block-themeisle-blocks-form-input-1600a4fd-input\" required class=\"otter-form-input\"\/><\/div>\n\n\n\n<div id=\"wp-block-themeisle-blocks-form-textarea-3c52063a\" class=\"wp-block-themeisle-blocks-form-textarea\"><label for=\"wp-block-themeisle-blocks-form-textarea-3c52063a-input\" class=\"otter-form-textarea-label\"><span class=\"otter-form-textarea-label__label\">Melding<\/span><\/label><textarea id=\"wp-block-themeisle-blocks-form-textarea-3c52063a-input\" rows=\"10\" class=\"otter-form-textarea-input\"><\/textarea><\/div>\n\n\n<p class=\"has-extra-small-font-size\">Ved \u00e5 benytte deg av kontaktskjemaet samtykker du til \u00e5 motta mail fra oss, og at vi lagrer informasjonen som fremkommer i henvendelsen din. Alle henvendelser behandles 100% konfidensielt. Sensitive personopplysninger b\u00f8r ikke deles i dette skjemaet.<\/p>\n\n<div class=\"wp-block-button\"><button class=\"wp-block-button__link\" type=\"submit\">Send inn<\/button><\/div><\/form><\/div>\n<\/div>\n\n\n\n<div class=\"wp-block-group alignfull is-layout-constrained wp-container-core-group-is-layout-4df73788 wp-block-group-is-layout-constrained\" style=\"padding-top:0;padding-right:0;padding-bottom:0;padding-left:0\">\n<div class=\"wp-block-group alignwide is-layout-flow wp-block-group-is-layout-flow\"><\/div>\n<\/div>\n<\/div>\n<\/div>\n","protected":false},"excerpt":{"rendered":"<p>Kontakt oss S\u00e5 hyggelig at du vil komme i kontakt med oss! Uansett om du \u00f8nsker et uforpliktende tilbud p\u00e5 v\u00e5re tjenester, \u00f8nsker vite mer om oss eller trenger \u00e5 dr\u00f8fte en spesifikk problemstilling kan du benytte deg av kontaktskjemaet nedenfor eller sende oss en mail til hei@actioomsorg.no eller ringe oss p\u00e5 telefon 755 79 [&hellip;]<\/p>\n","protected":false},"author":1,"featured_media":0,"parent":0,"menu_order":0,"comment_status":"closed","ping_status":"closed","template":"template-plain","meta":{"footnotes":""},"class_list":["post-18","page","type-page","status-publish","hentry"],"yoast_head":"<!-- This site is optimized with the Yoast SEO plugin v27.4 - https:\/\/yoast.com\/product\/yoast-seo-wordpress\/ -->\n<title>Kontaktside - Actio Omsorg \u2013 et litt annerledes helseforetak<\/title>\n<meta name=\"description\" content=\"Her kan du kontakte oss i Actio Omsorg.\" \/>\n<meta name=\"robots\" content=\"index, follow, max-snippet:-1, max-image-preview:large, max-video-preview:-1\" \/>\n<link rel=\"canonical\" href=\"https:\/\/actioomsorg.no\/index.php\/kontakt\/\" \/>\n<meta property=\"og:locale\" content=\"nb_NO\" \/>\n<meta property=\"og:type\" content=\"article\" \/>\n<meta property=\"og:title\" content=\"Kontaktside - Actio Omsorg \u2013 et litt annerledes helseforetak\" \/>\n<meta property=\"og:description\" content=\"Her kan du kontakte oss i Actio Omsorg.\" \/>\n<meta property=\"og:url\" content=\"https:\/\/actioomsorg.no\/index.php\/kontakt\/\" \/>\n<meta property=\"og:site_name\" content=\"Actio Omsorg \u2013 et litt annerledes helseforetak\" \/>\n<meta property=\"article:modified_time\" content=\"2025-10-12T11:08:55+00:00\" \/>\n<meta name=\"twitter:card\" content=\"summary_large_image\" \/>\n<meta name=\"twitter:label1\" content=\"Ansl. lesetid\" \/>\n\t<meta name=\"twitter:data1\" content=\"1 minutt\" \/>\n<script type=\"application\/ld+json\" class=\"yoast-schema-graph\">{\"@context\":\"https:\\\/\\\/schema.org\",\"@graph\":[{\"@type\":\"WebPage\",\"@id\":\"https:\\\/\\\/actioomsorg.no\\\/index.php\\\/kontakt\\\/\",\"url\":\"https:\\\/\\\/actioomsorg.no\\\/index.php\\\/kontakt\\\/\",\"name\":\"Kontaktside - Actio Omsorg \u2013 et litt annerledes helseforetak\",\"isPartOf\":{\"@id\":\"https:\\\/\\\/actioomsorg.no\\\/#website\"},\"datePublished\":\"2024-10-12T11:04:29+00:00\",\"dateModified\":\"2025-10-12T11:08:55+00:00\",\"description\":\"Her kan du kontakte oss i Actio Omsorg.\",\"breadcrumb\":{\"@id\":\"https:\\\/\\\/actioomsorg.no\\\/index.php\\\/kontakt\\\/#breadcrumb\"},\"inLanguage\":\"nb-NO\",\"potentialAction\":[{\"@type\":\"ReadAction\",\"target\":[\"https:\\\/\\\/actioomsorg.no\\\/index.php\\\/kontakt\\\/\"]}]},{\"@type\":\"BreadcrumbList\",\"@id\":\"https:\\\/\\\/actioomsorg.no\\\/index.php\\\/kontakt\\\/#breadcrumb\",\"itemListElement\":[{\"@type\":\"ListItem\",\"position\":1,\"name\":\"Hjem\",\"item\":\"https:\\\/\\\/actioomsorg.no\\\/\"},{\"@type\":\"ListItem\",\"position\":2,\"name\":\"Kontaktside\"}]},{\"@type\":\"WebSite\",\"@id\":\"https:\\\/\\\/actioomsorg.no\\\/#website\",\"url\":\"https:\\\/\\\/actioomsorg.no\\\/\",\"name\":\"Actio Omsorg \u2013 et litt annerledes helseforetak\",\"description\":\"\",\"publisher\":{\"@id\":\"https:\\\/\\\/actioomsorg.no\\\/#organization\"},\"potentialAction\":[{\"@type\":\"SearchAction\",\"target\":{\"@type\":\"EntryPoint\",\"urlTemplate\":\"https:\\\/\\\/actioomsorg.no\\\/?s={search_term_string}\"},\"query-input\":{\"@type\":\"PropertyValueSpecification\",\"valueRequired\":true,\"valueName\":\"search_term_string\"}}],\"inLanguage\":\"nb-NO\"},{\"@type\":\"Organization\",\"@id\":\"https:\\\/\\\/actioomsorg.no\\\/#organization\",\"name\":\"Actio Omsorg \u2013 et litt annerledes helseforetak\",\"url\":\"https:\\\/\\\/actioomsorg.no\\\/\",\"logo\":{\"@type\":\"ImageObject\",\"inLanguage\":\"nb-NO\",\"@id\":\"https:\\\/\\\/actioomsorg.no\\\/#\\\/schema\\\/logo\\\/image\\\/\",\"url\":\"https:\\\/\\\/actioomsorg.no\\\/wp-content\\\/uploads\\\/2024\\\/11\\\/Actio_RGB.png\",\"contentUrl\":\"https:\\\/\\\/actioomsorg.no\\\/wp-content\\\/uploads\\\/2024\\\/11\\\/Actio_RGB.png\",\"width\":5103,\"height\":1314,\"caption\":\"Actio Omsorg \u2013 et litt annerledes helseforetak\"},\"image\":{\"@id\":\"https:\\\/\\\/actioomsorg.no\\\/#\\\/schema\\\/logo\\\/image\\\/\"}}]}<\/script>\n<!-- \/ Yoast SEO plugin. -->","yoast_head_json":{"title":"Kontaktside - Actio Omsorg \u2013 et litt annerledes helseforetak","description":"Her kan du kontakte oss i Actio Omsorg.","robots":{"index":"index","follow":"follow","max-snippet":"max-snippet:-1","max-image-preview":"max-image-preview:large","max-video-preview":"max-video-preview:-1"},"canonical":"https:\/\/actioomsorg.no\/index.php\/kontakt\/","og_locale":"nb_NO","og_type":"article","og_title":"Kontaktside - Actio Omsorg \u2013 et litt annerledes helseforetak","og_description":"Her kan du kontakte oss i Actio Omsorg.","og_url":"https:\/\/actioomsorg.no\/index.php\/kontakt\/","og_site_name":"Actio Omsorg \u2013 et litt annerledes helseforetak","article_modified_time":"2025-10-12T11:08:55+00:00","twitter_card":"summary_large_image","twitter_misc":{"Ansl. lesetid":"1 minutt"},"schema":{"@context":"https:\/\/schema.org","@graph":[{"@type":"WebPage","@id":"https:\/\/actioomsorg.no\/index.php\/kontakt\/","url":"https:\/\/actioomsorg.no\/index.php\/kontakt\/","name":"Kontaktside - Actio Omsorg \u2013 et litt annerledes helseforetak","isPartOf":{"@id":"https:\/\/actioomsorg.no\/#website"},"datePublished":"2024-10-12T11:04:29+00:00","dateModified":"2025-10-12T11:08:55+00:00","description":"Her kan du kontakte oss i Actio Omsorg.","breadcrumb":{"@id":"https:\/\/actioomsorg.no\/index.php\/kontakt\/#breadcrumb"},"inLanguage":"nb-NO","potentialAction":[{"@type":"ReadAction","target":["https:\/\/actioomsorg.no\/index.php\/kontakt\/"]}]},{"@type":"BreadcrumbList","@id":"https:\/\/actioomsorg.no\/index.php\/kontakt\/#breadcrumb","itemListElement":[{"@type":"ListItem","position":1,"name":"Hjem","item":"https:\/\/actioomsorg.no\/"},{"@type":"ListItem","position":2,"name":"Kontaktside"}]},{"@type":"WebSite","@id":"https:\/\/actioomsorg.no\/#website","url":"https:\/\/actioomsorg.no\/","name":"Actio Omsorg \u2013 et litt annerledes helseforetak","description":"","publisher":{"@id":"https:\/\/actioomsorg.no\/#organization"},"potentialAction":[{"@type":"SearchAction","target":{"@type":"EntryPoint","urlTemplate":"https:\/\/actioomsorg.no\/?s={search_term_string}"},"query-input":{"@type":"PropertyValueSpecification","valueRequired":true,"valueName":"search_term_string"}}],"inLanguage":"nb-NO"},{"@type":"Organization","@id":"https:\/\/actioomsorg.no\/#organization","name":"Actio Omsorg \u2013 et litt annerledes helseforetak","url":"https:\/\/actioomsorg.no\/","logo":{"@type":"ImageObject","inLanguage":"nb-NO","@id":"https:\/\/actioomsorg.no\/#\/schema\/logo\/image\/","url":"https:\/\/actioomsorg.no\/wp-content\/uploads\/2024\/11\/Actio_RGB.png","contentUrl":"https:\/\/actioomsorg.no\/wp-content\/uploads\/2024\/11\/Actio_RGB.png","width":5103,"height":1314,"caption":"Actio Omsorg \u2013 et litt annerledes helseforetak"},"image":{"@id":"https:\/\/actioomsorg.no\/#\/schema\/logo\/image\/"}}]}},"_links":{"self":[{"href":"https:\/\/actioomsorg.no\/index.php\/wp-json\/wp\/v2\/pages\/18","targetHints":{"allow":["GET"]}}],"collection":[{"href":"https:\/\/actioomsorg.no\/index.php\/wp-json\/wp\/v2\/pages"}],"about":[{"href":"https:\/\/actioomsorg.no\/index.php\/wp-json\/wp\/v2\/types\/page"}],"author":[{"embeddable":true,"href":"https:\/\/actioomsorg.no\/index.php\/wp-json\/wp\/v2\/users\/1"}],"replies":[{"embeddable":true,"href":"https:\/\/actioomsorg.no\/index.php\/wp-json\/wp\/v2\/comments?post=18"}],"version-history":[{"count":8,"href":"https:\/\/actioomsorg.no\/index.php\/wp-json\/wp\/v2\/pages\/18\/revisions"}],"predecessor-version":[{"id":450,"href":"https:\/\/actioomsorg.no\/index.php\/wp-json\/wp\/v2\/pages\/18\/revisions\/450"}],"wp:attachment":[{"href":"https:\/\/actioomsorg.no\/index.php\/wp-json\/wp\/v2\/media?parent=18"}],"curies":[{"name":"wp","href":"https:\/\/api.w.org\/{rel}","templated":true}]}}