{"id":16,"date":"2024-10-12T11:04:29","date_gmt":"2024-10-12T11:04:29","guid":{"rendered":"https:\/\/actioomsorg.no\/index.php\/services-page\/"},"modified":"2025-09-17T20:33:50","modified_gmt":"2025-09-17T20:33:50","slug":"tjenester","status":"publish","type":"page","link":"https:\/\/actioomsorg.no\/index.php\/tjenester\/","title":{"rendered":"Tjenester"},"content":{"rendered":"\t\t<div data-elementor-type=\"wp-page\" data-elementor-id=\"16\" class=\"elementor elementor-16\">\n\t\t\t\t<div class=\"elementor-element elementor-element-42750383 e-flex e-con-boxed e-con e-parent\" data-id=\"42750383\" data-element_type=\"container\" data-e-type=\"container\">\n\t\t\t\t\t<div class=\"e-con-inner\">\n\t\t\t\t<div class=\"elementor-element elementor-element-1346e14e elementor-widget elementor-widget-text-editor\" data-id=\"1346e14e\" data-element_type=\"widget\" data-e-type=\"widget\" data-widget_type=\"text-editor.default\">\n\t\t\t\t<div class=\"elementor-widget-container\">\n\t\t\t\t\t\t\t\t\t<!-- Seksjon: Tittel -->\n<section class=\"elementor-section raft-section raft-section--title\" style=\"padding: 80px 40px;\">\n  <div class=\"elementor-container elementor-column-gap-default\">\n    <div class=\"elementor-column elementor-col-100 elementor-top-column\">\n      <div class=\"elementor-widget-wrap\" style=\"text-align: center;\">\n        <h1 class=\"elementor-heading-title\">V\u00e5re tjenester<\/h1>\n      <\/div>\n    <\/div>\n  <\/div>\n<\/section>\n\n<!-- Seksjon: Tekst (full bredde) -->\n<section class=\"elementor-section raft-section raft-section--content\" style=\"padding: 0;\">\n  <div class=\"elementor-container elementor-column-gap-default\">\n    <div class=\"elementor-column elementor-col-100 elementor-top-column\" style=\"box-sizing: border-box;\">\n      <div class=\"elementor-widget-wrap\" style=\"padding: 32px;\">\n        <h2 class=\"raft-heading\">Actio-metoden: Kvalitet, aktivitet og trygghet<\/h2>\n\n        <div class=\"raft-copy\">\n          <p>Vi tilbyr skreddersydde omsorgstjenester tilpasset den enkeltes behov, og v\u00e5re tjenester bygger p\u00e5 aktivitet, helhet og tillit. Vi leverer b\u00e5de planlagte og akutte tjenester, alltid tilpasset situasjon og behov. V\u00e5re tilbud gis i hele landet, og vi tilpasser oss b\u00e5de for brukere som \u00f8nsker og kan bo i egen kommune, og for de som har behov for l\u00f8sninger utenfor hjemkommunen.<\/p>\n\n          <h3><strong>Hvorfor velge Actio Omsorg?<\/strong><\/h3>\n          <p><strong>H\u00f8y fagkompetanse:<\/strong> V\u00e5rt team best\u00e5r av h\u00f8yt kvalifiserte terapeuter og omsorgsarbeidere med bred klinisk erfaring, klare til \u00e5 h\u00e5ndtere b\u00e5de hverdagslige og akutte situasjoner.<\/p>\n          <p><strong>Lang klinisk erfaring:<\/strong> Med over 25 \u00e5rs erfaring har vi opparbeidet en unik innsikt i helse- og omsorgssektoren. Vi tilpasser v\u00e5re tjenester til komplekse behov og gir solid st\u00f8tte i utfordrende livssituasjoner.<\/p>\n          <p><strong>Kvalitet fremfor kvantitet:<\/strong> V\u00e5rt fokus er alltid p\u00e5 kvalitet i tjenestene vi leverer. Vi tar oss tid til \u00e5 tilpasse v\u00e5re tjenester slik at hver bruker f\u00e5r den oppf\u00f8lgingen de trenger, uten \u00e5 g\u00e5 p\u00e5 akkord med omsorgskvaliteten.<\/p>\n          <p><strong>Individtilpassede l\u00f8sninger:<\/strong> Vi skreddersyr alle v\u00e5re tilbud for \u00e5 m\u00f8te den enkeltes spesifikke behov, enten det gjelder omsorg, daglige aktiviteter eller arbeidstrening.<\/p>\n          <p><strong>Dedikasjon og tilgjengelighet:<\/strong> Vi er alltid tilgjengelige gjennom v\u00e5r d\u00f8gnbemannede akuttberedskap og fleksible tjenester, noe som gir p\u00e5r\u00f8rende og oppdragsgivere ekstra trygghet.<\/p>\n        <\/div>\n      <\/div>\n    <\/div>\n  <\/div>\n<\/section>\n\t\t\t\t\t\t\t\t<\/div>\n\t\t\t\t<\/div>\n\t\t\t\t<div class=\"elementor-element elementor-element-6b16294 elementor-align-left elementor-widget__width-initial elementor-widget elementor-widget-button\" data-id=\"6b16294\" data-element_type=\"widget\" data-e-type=\"widget\" data-widget_type=\"button.default\">\n\t\t\t\t<div class=\"elementor-widget-container\">\n\t\t\t\t\t\t\t\t\t<div class=\"elementor-button-wrapper\">\n\t\t\t\t\t<a class=\"elementor-button elementor-button-link elementor-size-sm\" href=\"https:\/\/actioomsorg.no\/index.php\/kontakt\/\">\n\t\t\t\t\t\t<span class=\"elementor-button-content-wrapper\">\n\t\t\t\t\t\t\t\t\t<span class=\"elementor-button-text\">Ta en uforpliktende prat med oss<\/span>\n\t\t\t\t\t<\/span>\n\t\t\t\t\t<\/a>\n\t\t\t\t<\/div>\n\t\t\t\t\t\t\t\t<\/div>\n\t\t\t\t<\/div>\n\t\t\t\t<div class=\"elementor-element elementor-element-411fa6b elementor-widget elementor-widget-image\" data-id=\"411fa6b\" data-element_type=\"widget\" data-e-type=\"widget\" data-widget_type=\"image.default\">\n\t\t\t\t<div class=\"elementor-widget-container\">\n\t\t\t\t\t\t\t\t\t\t\t\t\t\t\t<img fetchpriority=\"high\" decoding=\"async\" width=\"1024\" height=\"683\" src=\"https:\/\/actioomsorg.no\/wp-content\/uploads\/2024\/12\/DSC02790-1-1024x683.jpg\" class=\"attachment-large size-large wp-image-267\" alt=\"\" srcset=\"https:\/\/actioomsorg.no\/wp-content\/uploads\/2024\/12\/DSC02790-1-1024x683.jpg 1024w, https:\/\/actioomsorg.no\/wp-content\/uploads\/2024\/12\/DSC02790-1-300x200.jpg 300w, https:\/\/actioomsorg.no\/wp-content\/uploads\/2024\/12\/DSC02790-1-768x512.jpg 768w, https:\/\/actioomsorg.no\/wp-content\/uploads\/2024\/12\/DSC02790-1-1536x1024.jpg 1536w, https:\/\/actioomsorg.no\/wp-content\/uploads\/2024\/12\/DSC02790-1.jpg 1600w\" sizes=\"(max-width: 1024px) 100vw, 1024px\" \/>\t\t\t\t\t\t\t\t\t\t\t\t\t\t\t<\/div>\n\t\t\t\t<\/div>\n\t\t\t\t\t<\/div>\n\t\t\t\t<\/div>\n\t\t\t\t<\/div>\n\t\t","protected":false},"excerpt":{"rendered":"<p>V\u00e5re tjenester Actio-metoden: Kvalitet, aktivitet og trygghet Vi tilbyr skreddersydde omsorgstjenester tilpasset den enkeltes behov, og v\u00e5re tjenester bygger p\u00e5 aktivitet, helhet og tillit. Vi leverer b\u00e5de planlagte og akutte tjenester, alltid tilpasset situasjon og behov. V\u00e5re tilbud gis i hele landet, og vi tilpasser oss b\u00e5de for brukere som \u00f8nsker og kan bo i [&hellip;]<\/p>\n","protected":false},"author":1,"featured_media":0,"parent":0,"menu_order":0,"comment_status":"closed","ping_status":"closed","template":"template-plain","meta":{"footnotes":""},"class_list":["post-16","page","type-page","status-publish","hentry"],"yoast_head":"<!-- This site is optimized with the Yoast SEO plugin v27.4 - https:\/\/yoast.com\/product\/yoast-seo-wordpress\/ -->\n<title>Tjenester - Actio Omsorg \u2013 et litt annerledes helseforetak<\/title>\n<meta name=\"description\" content=\"Actio Omsorg tilbyr omsorgs- og helsetjenester tilpasset den enkeltes behov, med fokus p\u00e5 kvalitet, trygghet og aktivitet. Vi har lang erfaring og kompetanse innen helse, psykisk omsorg og individuell tilrettelegging.\" \/>\n<meta name=\"robots\" content=\"index, follow, max-snippet:-1, max-image-preview:large, max-video-preview:-1\" \/>\n<link rel=\"canonical\" href=\"https:\/\/actioomsorg.no\/index.php\/tjenester\/\" \/>\n<meta property=\"og:locale\" content=\"nb_NO\" \/>\n<meta property=\"og:type\" content=\"article\" \/>\n<meta property=\"og:title\" content=\"Tjenester - Actio Omsorg \u2013 et litt annerledes helseforetak\" \/>\n<meta property=\"og:description\" content=\"Actio Omsorg tilbyr omsorgs- og helsetjenester tilpasset den enkeltes behov, med fokus p\u00e5 kvalitet, trygghet og aktivitet. Vi har lang erfaring og kompetanse innen helse, psykisk omsorg og individuell tilrettelegging.\" \/>\n<meta property=\"og:url\" content=\"https:\/\/actioomsorg.no\/index.php\/tjenester\/\" \/>\n<meta property=\"og:site_name\" content=\"Actio Omsorg \u2013 et litt annerledes helseforetak\" \/>\n<meta property=\"article:modified_time\" content=\"2025-09-17T20:33:50+00:00\" \/>\n<meta property=\"og:image\" content=\"https:\/\/actioomsorg.no\/wp-content\/uploads\/2024\/12\/DSC02790-1.jpg\" \/>\n\t<meta property=\"og:image:width\" content=\"1600\" \/>\n\t<meta property=\"og:image:height\" content=\"1067\" \/>\n\t<meta property=\"og:image:type\" content=\"image\/jpeg\" \/>\n<meta name=\"twitter:card\" content=\"summary_large_image\" \/>\n<meta name=\"twitter:label1\" content=\"Ansl. lesetid\" \/>\n\t<meta name=\"twitter:data1\" content=\"2 minutter\" \/>\n<script type=\"application\/ld+json\" class=\"yoast-schema-graph\">{\"@context\":\"https:\\\/\\\/schema.org\",\"@graph\":[{\"@type\":\"WebPage\",\"@id\":\"https:\\\/\\\/actioomsorg.no\\\/index.php\\\/tjenester\\\/\",\"url\":\"https:\\\/\\\/actioomsorg.no\\\/index.php\\\/tjenester\\\/\",\"name\":\"Tjenester - Actio Omsorg \u2013 et litt annerledes helseforetak\",\"isPartOf\":{\"@id\":\"https:\\\/\\\/actioomsorg.no\\\/#website\"},\"primaryImageOfPage\":{\"@id\":\"https:\\\/\\\/actioomsorg.no\\\/index.php\\\/tjenester\\\/#primaryimage\"},\"image\":{\"@id\":\"https:\\\/\\\/actioomsorg.no\\\/index.php\\\/tjenester\\\/#primaryimage\"},\"thumbnailUrl\":\"https:\\\/\\\/actioomsorg.no\\\/wp-content\\\/uploads\\\/2024\\\/12\\\/DSC02790-1-1024x683.jpg\",\"datePublished\":\"2024-10-12T11:04:29+00:00\",\"dateModified\":\"2025-09-17T20:33:50+00:00\",\"description\":\"Actio Omsorg tilbyr omsorgs- og helsetjenester tilpasset den enkeltes behov, med fokus p\u00e5 kvalitet, trygghet og aktivitet. Vi har lang erfaring og kompetanse innen helse, psykisk omsorg og individuell tilrettelegging.\",\"breadcrumb\":{\"@id\":\"https:\\\/\\\/actioomsorg.no\\\/index.php\\\/tjenester\\\/#breadcrumb\"},\"inLanguage\":\"nb-NO\",\"potentialAction\":[{\"@type\":\"ReadAction\",\"target\":[\"https:\\\/\\\/actioomsorg.no\\\/index.php\\\/tjenester\\\/\"]}]},{\"@type\":\"ImageObject\",\"inLanguage\":\"nb-NO\",\"@id\":\"https:\\\/\\\/actioomsorg.no\\\/index.php\\\/tjenester\\\/#primaryimage\",\"url\":\"https:\\\/\\\/actioomsorg.no\\\/wp-content\\\/uploads\\\/2024\\\/12\\\/DSC02790-1.jpg\",\"contentUrl\":\"https:\\\/\\\/actioomsorg.no\\\/wp-content\\\/uploads\\\/2024\\\/12\\\/DSC02790-1.jpg\",\"width\":1600,\"height\":1067},{\"@type\":\"BreadcrumbList\",\"@id\":\"https:\\\/\\\/actioomsorg.no\\\/index.php\\\/tjenester\\\/#breadcrumb\",\"itemListElement\":[{\"@type\":\"ListItem\",\"position\":1,\"name\":\"Hjem\",\"item\":\"https:\\\/\\\/actioomsorg.no\\\/\"},{\"@type\":\"ListItem\",\"position\":2,\"name\":\"Tjenester\"}]},{\"@type\":\"WebSite\",\"@id\":\"https:\\\/\\\/actioomsorg.no\\\/#website\",\"url\":\"https:\\\/\\\/actioomsorg.no\\\/\",\"name\":\"Actio Omsorg \u2013 et litt annerledes helseforetak\",\"description\":\"\",\"publisher\":{\"@id\":\"https:\\\/\\\/actioomsorg.no\\\/#organization\"},\"potentialAction\":[{\"@type\":\"SearchAction\",\"target\":{\"@type\":\"EntryPoint\",\"urlTemplate\":\"https:\\\/\\\/actioomsorg.no\\\/?s={search_term_string}\"},\"query-input\":{\"@type\":\"PropertyValueSpecification\",\"valueRequired\":true,\"valueName\":\"search_term_string\"}}],\"inLanguage\":\"nb-NO\"},{\"@type\":\"Organization\",\"@id\":\"https:\\\/\\\/actioomsorg.no\\\/#organization\",\"name\":\"Actio Omsorg \u2013 et litt annerledes helseforetak\",\"url\":\"https:\\\/\\\/actioomsorg.no\\\/\",\"logo\":{\"@type\":\"ImageObject\",\"inLanguage\":\"nb-NO\",\"@id\":\"https:\\\/\\\/actioomsorg.no\\\/#\\\/schema\\\/logo\\\/image\\\/\",\"url\":\"https:\\\/\\\/actioomsorg.no\\\/wp-content\\\/uploads\\\/2024\\\/11\\\/Actio_RGB.png\",\"contentUrl\":\"https:\\\/\\\/actioomsorg.no\\\/wp-content\\\/uploads\\\/2024\\\/11\\\/Actio_RGB.png\",\"width\":5103,\"height\":1314,\"caption\":\"Actio Omsorg \u2013 et litt annerledes helseforetak\"},\"image\":{\"@id\":\"https:\\\/\\\/actioomsorg.no\\\/#\\\/schema\\\/logo\\\/image\\\/\"}}]}<\/script>\n<!-- \/ Yoast SEO plugin. -->","yoast_head_json":{"title":"Tjenester - Actio Omsorg \u2013 et litt annerledes helseforetak","description":"Actio Omsorg tilbyr omsorgs- og helsetjenester tilpasset den enkeltes behov, med fokus p\u00e5 kvalitet, trygghet og aktivitet. Vi har lang erfaring og kompetanse innen helse, psykisk omsorg og individuell tilrettelegging.","robots":{"index":"index","follow":"follow","max-snippet":"max-snippet:-1","max-image-preview":"max-image-preview:large","max-video-preview":"max-video-preview:-1"},"canonical":"https:\/\/actioomsorg.no\/index.php\/tjenester\/","og_locale":"nb_NO","og_type":"article","og_title":"Tjenester - Actio Omsorg \u2013 et litt annerledes helseforetak","og_description":"Actio Omsorg tilbyr omsorgs- og helsetjenester tilpasset den enkeltes behov, med fokus p\u00e5 kvalitet, trygghet og aktivitet. Vi har lang erfaring og kompetanse innen helse, psykisk omsorg og individuell tilrettelegging.","og_url":"https:\/\/actioomsorg.no\/index.php\/tjenester\/","og_site_name":"Actio Omsorg \u2013 et litt annerledes helseforetak","article_modified_time":"2025-09-17T20:33:50+00:00","og_image":[{"width":1600,"height":1067,"url":"https:\/\/actioomsorg.no\/wp-content\/uploads\/2024\/12\/DSC02790-1.jpg","type":"image\/jpeg"}],"twitter_card":"summary_large_image","twitter_misc":{"Ansl. lesetid":"2 minutter"},"schema":{"@context":"https:\/\/schema.org","@graph":[{"@type":"WebPage","@id":"https:\/\/actioomsorg.no\/index.php\/tjenester\/","url":"https:\/\/actioomsorg.no\/index.php\/tjenester\/","name":"Tjenester - Actio Omsorg \u2013 et litt annerledes helseforetak","isPartOf":{"@id":"https:\/\/actioomsorg.no\/#website"},"primaryImageOfPage":{"@id":"https:\/\/actioomsorg.no\/index.php\/tjenester\/#primaryimage"},"image":{"@id":"https:\/\/actioomsorg.no\/index.php\/tjenester\/#primaryimage"},"thumbnailUrl":"https:\/\/actioomsorg.no\/wp-content\/uploads\/2024\/12\/DSC02790-1-1024x683.jpg","datePublished":"2024-10-12T11:04:29+00:00","dateModified":"2025-09-17T20:33:50+00:00","description":"Actio Omsorg tilbyr omsorgs- og helsetjenester tilpasset den enkeltes behov, med fokus p\u00e5 kvalitet, trygghet og aktivitet. Vi har lang erfaring og kompetanse innen helse, psykisk omsorg og individuell tilrettelegging.","breadcrumb":{"@id":"https:\/\/actioomsorg.no\/index.php\/tjenester\/#breadcrumb"},"inLanguage":"nb-NO","potentialAction":[{"@type":"ReadAction","target":["https:\/\/actioomsorg.no\/index.php\/tjenester\/"]}]},{"@type":"ImageObject","inLanguage":"nb-NO","@id":"https:\/\/actioomsorg.no\/index.php\/tjenester\/#primaryimage","url":"https:\/\/actioomsorg.no\/wp-content\/uploads\/2024\/12\/DSC02790-1.jpg","contentUrl":"https:\/\/actioomsorg.no\/wp-content\/uploads\/2024\/12\/DSC02790-1.jpg","width":1600,"height":1067},{"@type":"BreadcrumbList","@id":"https:\/\/actioomsorg.no\/index.php\/tjenester\/#breadcrumb","itemListElement":[{"@type":"ListItem","position":1,"name":"Hjem","item":"https:\/\/actioomsorg.no\/"},{"@type":"ListItem","position":2,"name":"Tjenester"}]},{"@type":"WebSite","@id":"https:\/\/actioomsorg.no\/#website","url":"https:\/\/actioomsorg.no\/","name":"Actio Omsorg \u2013 et litt annerledes helseforetak","description":"","publisher":{"@id":"https:\/\/actioomsorg.no\/#organization"},"potentialAction":[{"@type":"SearchAction","target":{"@type":"EntryPoint","urlTemplate":"https:\/\/actioomsorg.no\/?s={search_term_string}"},"query-input":{"@type":"PropertyValueSpecification","valueRequired":true,"valueName":"search_term_string"}}],"inLanguage":"nb-NO"},{"@type":"Organization","@id":"https:\/\/actioomsorg.no\/#organization","name":"Actio Omsorg \u2013 et litt annerledes helseforetak","url":"https:\/\/actioomsorg.no\/","logo":{"@type":"ImageObject","inLanguage":"nb-NO","@id":"https:\/\/actioomsorg.no\/#\/schema\/logo\/image\/","url":"https:\/\/actioomsorg.no\/wp-content\/uploads\/2024\/11\/Actio_RGB.png","contentUrl":"https:\/\/actioomsorg.no\/wp-content\/uploads\/2024\/11\/Actio_RGB.png","width":5103,"height":1314,"caption":"Actio Omsorg \u2013 et litt annerledes helseforetak"},"image":{"@id":"https:\/\/actioomsorg.no\/#\/schema\/logo\/image\/"}}]}},"_links":{"self":[{"href":"https:\/\/actioomsorg.no\/index.php\/wp-json\/wp\/v2\/pages\/16","targetHints":{"allow":["GET"]}}],"collection":[{"href":"https:\/\/actioomsorg.no\/index.php\/wp-json\/wp\/v2\/pages"}],"about":[{"href":"https:\/\/actioomsorg.no\/index.php\/wp-json\/wp\/v2\/types\/page"}],"author":[{"embeddable":true,"href":"https:\/\/actioomsorg.no\/index.php\/wp-json\/wp\/v2\/users\/1"}],"replies":[{"embeddable":true,"href":"https:\/\/actioomsorg.no\/index.php\/wp-json\/wp\/v2\/comments?post=16"}],"version-history":[{"count":23,"href":"https:\/\/actioomsorg.no\/index.php\/wp-json\/wp\/v2\/pages\/16\/revisions"}],"predecessor-version":[{"id":442,"href":"https:\/\/actioomsorg.no\/index.php\/wp-json\/wp\/v2\/pages\/16\/revisions\/442"}],"wp:attachment":[{"href":"https:\/\/actioomsorg.no\/index.php\/wp-json\/wp\/v2\/media?parent=16"}],"curies":[{"name":"wp","href":"https:\/\/api.w.org\/{rel}","templated":true}]}}